{"id":12,"date":"2023-03-01T07:32:38","date_gmt":"2023-03-01T07:32:38","guid":{"rendered":"https:\/\/umeno.kutethemes.net\/?page_id=12"},"modified":"2025-09-04T15:04:09","modified_gmt":"2025-09-04T15:04:09","slug":"refund_returns","status":"publish","type":"page","link":"https:\/\/magaine.ca\/fr\/refund_returns\/","title":{"rendered":"Politique de remboursement"},"content":{"rendered":"<div data-elementor-type=\"wp-page\" data-elementor-id=\"12\" class=\"elementor elementor-12\" data-elementor-post-type=\"page\">\n\t\t\t\t<div class=\"elementor-element elementor-element-ed0aaad e-flex e-con-boxed none e-con e-parent\" data-id=\"ed0aaad\" data-element_type=\"container\">\n\t\t\t\t\t<div class=\"e-con-inner\">\n\t\t\t\t<div class=\"elementor-element elementor-element-002a767 none elementor-widget elementor-widget-text-editor\" data-id=\"002a767\" data-element_type=\"widget\" data-widget_type=\"text-editor.default\">\n\t\t\t\t<div class=\"elementor-widget-container\">\n\t\t\t<style>\/*! elementor - v3.21.0 - 24-04-2024 *\/\n.elementor-widget-text-editor.elementor-drop-cap-view-stacked .elementor-drop-cap{background-color:#69727d;color:#fff}.elementor-widget-text-editor.elementor-drop-cap-view-framed .elementor-drop-cap{color:#69727d;border:3px solid;background-color:transparent}.elementor-widget-text-editor:not(.elementor-drop-cap-view-default) .elementor-drop-cap{margin-top:8px}.elementor-widget-text-editor:not(.elementor-drop-cap-view-default) .elementor-drop-cap-letter{width:1em;height:1em}.elementor-widget-text-editor .elementor-drop-cap{float:left;text-align:center;line-height:1;font-size:50px}.elementor-widget-text-editor .elementor-drop-cap-letter{display:inline-block}<\/style>\t\t\t\t<h2 data-start=\"125\" data-end=\"174\"><strong data-start=\"128\" data-end=\"174\">Politique de remboursement&nbsp;<\/strong><\/h2>\n<h3 data-start=\"176\" data-end=\"201\"><strong data-start=\"180\" data-end=\"199\">Version Fran\u00e7aise<\/strong><\/h3>\n<p data-start=\"202\" data-end=\"226\"><strong data-start=\"202\" data-end=\"224\">Politique de non-remboursement<\/strong><\/p>\n<p data-start=\"228\" data-end=\"483\" class=\" translation-block\">En raison de la nature de nos produits, toutes les ventes sont d\u00e9finitives. Les Fajas sont consid\u00e9r\u00e9es comme des v\u00eatements intimes \/ sous-v\u00eatements. Pour des raisons d\u2019hygi\u00e8ne, de s\u00e9curit\u00e9 et de sant\u00e9, nous n\u2019acceptons aucun retour, aucun \u00e9change et aucun remboursement apr\u00e8s l\u2019achat.<\/p>\n<p data-start=\"485\" data-end=\"720\">Nous encourageons fortement nos clients \u00e0 consulter attentivement le guide des tailles et la description des produits avant de passer commande. Si vous avez des questions concernant les tailles, les mat\u00e9riaux ou l\u2019utilisation du produit, veuillez contacter notre service client avant l\u2019achat.<\/p>\n<p data-start=\"722\" data-end=\"892\">Nous esp\u00e9rons que vous comprenez la n\u00e9cessit\u00e9 de cette politique. Notre \u00e9quipe est toujours disponible pour r\u00e9pondre \u00e0 vos questions, \u00e9couter vos pr\u00e9occupations et vous aider de la meilleure fa\u00e7on possible.<\/p>\n<p data-start=\"894\" data-end=\"991\" class=\" translation-block\">En finalisant votre commande, vous reconnaissez et acceptez cette politique de non-remboursement \/ non-\u00e9change.<\/p>\t\t\t\t\t\t<\/div>\n\t\t\t\t<\/div>\n\t\t\t\t\t<\/div>\n\t\t\t\t<\/div>\n\t\t\t\t<\/div>","protected":false},"excerpt":{"rendered":"<p>Refund Policy&nbsp; English Version Zero Refund Policy Due to the nature of our products, all sales are final. Fajas are classified as intimate apparel \/ undergarments. For hygiene, safety, and health reasons, we cannot accept returns, exchanges, or issue refunds once the product has been purchased. We strongly encourage customers to carefully review sizing charts [&hellip;]<\/p>","protected":false},"author":1,"featured_media":0,"parent":0,"menu_order":0,"comment_status":"closed","ping_status":"closed","template":"","meta":{"footnotes":""},"class_list":["post-12","page","type-page","status-publish","hentry"],"yoast_head":"<!-- This site is optimized with the Yoast SEO Premium plugin v22.2 (Yoast SEO v22.2) - https:\/\/yoast.com\/wordpress\/plugins\/seo\/ -->\n<title>Refund and Returns Policy - Magaine.ca Fajas Colombian<\/title>\n<meta name=\"robots\" content=\"index, follow, max-snippet:-1, max-image-preview:large, max-video-preview:-1\" \/>\n<link rel=\"canonical\" href=\"https:\/\/magaine.ca\/fr\/refund_returns\/\" \/>\n<meta property=\"og:locale\" content=\"fr_CA\" \/>\n<meta property=\"og:type\" content=\"article\" \/>\n<meta property=\"og:title\" content=\"Refund and Returns Policy\" \/>\n<meta property=\"og:description\" content=\"Refund Policy&nbsp; English Version Zero Refund Policy Due to the nature of our products, all sales are final. Fajas are classified as intimate apparel \/ undergarments. For hygiene, safety, and health reasons, we cannot accept returns, exchanges, or issue refunds once the product has been purchased. We strongly encourage customers to carefully review sizing charts [&hellip;]\" \/>\n<meta property=\"og:url\" content=\"https:\/\/magaine.ca\/fr\/refund_returns\/\" \/>\n<meta property=\"og:site_name\" content=\"Magaine.ca Fajas Colombian\" \/>\n<meta property=\"article:modified_time\" content=\"2025-09-04T15:04:09+00:00\" \/>\n<meta name=\"twitter:card\" content=\"summary_large_image\" \/>\n<meta name=\"twitter:label1\" content=\"Estimation du temps de lecture\" \/>\n\t<meta name=\"twitter:data1\" content=\"1 minute\" \/>\n<script type=\"application\/ld+json\" class=\"yoast-schema-graph\">{\"@context\":\"https:\/\/schema.org\",\"@graph\":[{\"@type\":\"WebPage\",\"@id\":\"https:\/\/magaine.ca\/refund_returns\/\",\"url\":\"https:\/\/magaine.ca\/refund_returns\/\",\"name\":\"Refund and Returns Policy - Magaine.ca Fajas Colombian\",\"isPartOf\":{\"@id\":\"https:\/\/magaine.ca\/#website\"},\"datePublished\":\"2023-03-01T07:32:38+00:00\",\"dateModified\":\"2025-09-04T15:04:09+00:00\",\"breadcrumb\":{\"@id\":\"https:\/\/magaine.ca\/refund_returns\/#breadcrumb\"},\"inLanguage\":\"fr-CA\",\"potentialAction\":[{\"@type\":\"ReadAction\",\"target\":[\"https:\/\/magaine.ca\/refund_returns\/\"]}]},{\"@type\":\"BreadcrumbList\",\"@id\":\"https:\/\/magaine.ca\/refund_returns\/#breadcrumb\",\"itemListElement\":[{\"@type\":\"ListItem\",\"position\":1,\"name\":\"Home\",\"item\":\"https:\/\/magaine.ca\/\"},{\"@type\":\"ListItem\",\"position\":2,\"name\":\"Refund and Returns Policy\"}]},{\"@type\":\"WebSite\",\"@id\":\"https:\/\/magaine.ca\/#website\",\"url\":\"https:\/\/magaine.ca\/\",\"name\":\"Magaine.ca Fajas Colombian\",\"description\":\"Fajas\",\"publisher\":{\"@id\":\"https:\/\/magaine.ca\/#organization\"},\"potentialAction\":[{\"@type\":\"SearchAction\",\"target\":{\"@type\":\"EntryPoint\",\"urlTemplate\":\"https:\/\/magaine.ca\/?s={search_term_string}\"},\"query-input\":\"required name=search_term_string\"}],\"inLanguage\":\"fr-CA\"},{\"@type\":\"Organization\",\"@id\":\"https:\/\/magaine.ca\/#organization\",\"name\":\"Magaine.ca Fajas Colombian\",\"url\":\"https:\/\/magaine.ca\/\",\"logo\":{\"@type\":\"ImageObject\",\"inLanguage\":\"fr-CA\",\"@id\":\"https:\/\/magaine.ca\/#\/schema\/logo\/image\/\",\"url\":\"https:\/\/magaine.ca\/wp-content\/uploads\/2023\/03\/favicon.png\",\"contentUrl\":\"https:\/\/magaine.ca\/wp-content\/uploads\/2023\/03\/favicon.png\",\"width\":512,\"height\":512,\"caption\":\"Magaine.ca Fajas Colombian\"},\"image\":{\"@id\":\"https:\/\/magaine.ca\/#\/schema\/logo\/image\/\"}}]}<\/script>\n<!-- \/ Yoast SEO Premium plugin. -->","yoast_head_json":{"title":"Refund and Returns Policy - Magaine.ca Fajas Colombian","robots":{"index":"index","follow":"follow","max-snippet":"max-snippet:-1","max-image-preview":"max-image-preview:large","max-video-preview":"max-video-preview:-1"},"canonical":"https:\/\/magaine.ca\/fr\/refund_returns\/","og_locale":"fr_CA","og_type":"article","og_title":"Refund and Returns Policy","og_description":"Refund Policy&nbsp; English Version Zero Refund Policy Due to the nature of our products, all sales are final. Fajas are classified as intimate apparel \/ undergarments. For hygiene, safety, and health reasons, we cannot accept returns, exchanges, or issue refunds once the product has been purchased. We strongly encourage customers to carefully review sizing charts [&hellip;]","og_url":"https:\/\/magaine.ca\/fr\/refund_returns\/","og_site_name":"Magaine.ca Fajas Colombian","article_modified_time":"2025-09-04T15:04:09+00:00","twitter_card":"summary_large_image","twitter_misc":{"Estimation du temps de lecture":"1 minute"},"schema":{"@context":"https:\/\/schema.org","@graph":[{"@type":"WebPage","@id":"https:\/\/magaine.ca\/refund_returns\/","url":"https:\/\/magaine.ca\/refund_returns\/","name":"Refund and Returns Policy - Magaine.ca Fajas Colombian","isPartOf":{"@id":"https:\/\/magaine.ca\/#website"},"datePublished":"2023-03-01T07:32:38+00:00","dateModified":"2025-09-04T15:04:09+00:00","breadcrumb":{"@id":"https:\/\/magaine.ca\/refund_returns\/#breadcrumb"},"inLanguage":"fr-CA","potentialAction":[{"@type":"ReadAction","target":["https:\/\/magaine.ca\/refund_returns\/"]}]},{"@type":"BreadcrumbList","@id":"https:\/\/magaine.ca\/refund_returns\/#breadcrumb","itemListElement":[{"@type":"ListItem","position":1,"name":"Home","item":"https:\/\/magaine.ca\/"},{"@type":"ListItem","position":2,"name":"Refund and Returns Policy"}]},{"@type":"WebSite","@id":"https:\/\/magaine.ca\/#website","url":"https:\/\/magaine.ca\/","name":"Magaine.ca Fajas Colombian","description":"Fajas","publisher":{"@id":"https:\/\/magaine.ca\/#organization"},"potentialAction":[{"@type":"SearchAction","target":{"@type":"EntryPoint","urlTemplate":"https:\/\/magaine.ca\/?s={search_term_string}"},"query-input":"required name=search_term_string"}],"inLanguage":"fr-CA"},{"@type":"Organization","@id":"https:\/\/magaine.ca\/#organization","name":"Magaine.ca Fajas Colombian","url":"https:\/\/magaine.ca\/","logo":{"@type":"ImageObject","inLanguage":"fr-CA","@id":"https:\/\/magaine.ca\/#\/schema\/logo\/image\/","url":"https:\/\/magaine.ca\/wp-content\/uploads\/2023\/03\/favicon.png","contentUrl":"https:\/\/magaine.ca\/wp-content\/uploads\/2023\/03\/favicon.png","width":512,"height":512,"caption":"Magaine.ca Fajas Colombian"},"image":{"@id":"https:\/\/magaine.ca\/#\/schema\/logo\/image\/"}}]}},"_links":{"self":[{"href":"https:\/\/magaine.ca\/fr\/wp-json\/wp\/v2\/pages\/12","targetHints":{"allow":["GET"]}}],"collection":[{"href":"https:\/\/magaine.ca\/fr\/wp-json\/wp\/v2\/pages"}],"about":[{"href":"https:\/\/magaine.ca\/fr\/wp-json\/wp\/v2\/types\/page"}],"author":[{"embeddable":true,"href":"https:\/\/magaine.ca\/fr\/wp-json\/wp\/v2\/users\/1"}],"replies":[{"embeddable":true,"href":"https:\/\/magaine.ca\/fr\/wp-json\/wp\/v2\/comments?post=12"}],"version-history":[{"count":13,"href":"https:\/\/magaine.ca\/fr\/wp-json\/wp\/v2\/pages\/12\/revisions"}],"predecessor-version":[{"id":5122,"href":"https:\/\/magaine.ca\/fr\/wp-json\/wp\/v2\/pages\/12\/revisions\/5122"}],"wp:attachment":[{"href":"https:\/\/magaine.ca\/fr\/wp-json\/wp\/v2\/media?parent=12"}],"curies":[{"name":"wp","href":"https:\/\/api.w.org\/{rel}","templated":true}]}}